{"id":27102,"date":"2023-04-07T10:44:40","date_gmt":"2023-04-07T08:44:40","guid":{"rendered":"https:\/\/www.chiesaliquori.it\/?post_type=product&#038;p=27102"},"modified":"2023-08-03T17:15:15","modified_gmt":"2023-08-03T15:15:15","slug":"acquavite-duva-fragola","status":"publish","type":"product","link":"https:\/\/www.chiesaliquori.com\/en\/product\/acquavite-duva-fragola\/","title":{"rendered":"Acquavite d&#8217;Uva Fragola"},"content":{"rendered":"<p>L&#8217;acquavite d&#8217;uva fragola \u00e8 un prodotto raro e pregiato ottenuto distillando con metodi tradizionali la ricercatissima variet\u00e0 di uva fragola. La particolare attenzione e abilit\u00e0 prestata nella distillazione hanno permesso di estrarre da questa variet\u00e0 d&#8217;uva le sue inconfondibili tonalit\u00e0 aromatiche, in grado di richiamare nettamente il frutto della fragola, senza rinunciare all&#8217;armonia e all&#8217;equilibrio complessivo che rendono particolarmente apprezzata ed inimitabile questa singolare acquavite Chiesa.<\/p>\n","protected":false},"excerpt":{"rendered":"<p>L&#8217;acquavite d&#8217;uva fragola \u00e8 un prodotto raro e pregiato ottenuto distillando con metodi tradizionali la ricercatissima variet\u00e0 di uva fragola. La particolare attenzione e abilit\u00e0 prestata nella distillazione hanno permesso di estrarre da questa variet\u00e0 d&#8217;uva le sue inconfondibili tonalit\u00e0 aromatiche, in grado di richiamare nettamente il frutto della fragola, senza rinunciare all&#8217;armonia e all&#8217;equilibrio complessivo che rendono particolarmente apprezzata ed inimitabile questa singolare acquavite Chiesa.<\/p>\n","protected":false},"featured_media":26569,"template":"","meta":{"_tbt_post_transparent":"default","_tbt_post_title":"","_tbt_post_layout":"default","_tbt_post_sidebar_id":"","_tbt_post_content_style":"default","_tbt_post_vertical_padding":"default","_tbt_post_feature":"","_tbt_post_feature_position":"","_tbt_post_header":false,"_tbt_post_footer":false},"product_brand":[],"product_cat":[110,98],"product_tag":[],"class_list":{"0":"post-27102","1":"product","2":"type-product","3":"status-publish","4":"has-post-thumbnail","6":"product_cat-aqua-vitae","7":"product_cat-grappas-and-distillates","9":"first","10":"instock","11":"shipping-taxable","12":"product-type-simple","13":"entry","14":"content-bg","15":"loop-entry"},"yoast_head":"<!-- This site is optimized with the Yoast SEO plugin v25.8 - https:\/\/yoast.com\/wordpress\/plugins\/seo\/ -->\n<title>Acquavite d&#039;Uva Fragola - Grappe, Liquori, Concentrati e Preparati per Bevande Calde e Fredde | Stabilimenti Chiesa Liquori Srl - Portalbera (Pavia) - Italia<\/title>\n<meta name=\"robots\" content=\"index, follow, max-snippet:-1, max-image-preview:large, max-video-preview:-1\" \/>\n<link rel=\"canonical\" href=\"https:\/\/www.chiesaliquori.com\/en\/product\/acquavite-duva-fragola\/\" \/>\n<meta property=\"og:locale\" content=\"en_US\" \/>\n<meta property=\"og:type\" content=\"article\" \/>\n<meta property=\"og:title\" content=\"Acquavite d&#039;Uva Fragola - Grappe, Liquori, Concentrati e Preparati per Bevande Calde e Fredde | Stabilimenti Chiesa Liquori Srl - Portalbera (Pavia) - Italia\" \/>\n<meta property=\"og:description\" content=\"L&#039;acquavite d&#039;uva fragola \u00e8 un prodotto raro e pregiato ottenuto distillando con metodi tradizionali la ricercatissima variet\u00e0 di uva fragola. La particolare attenzione e abilit\u00e0 prestata nella distillazione hanno permesso di estrarre da questa variet\u00e0 d&#039;uva le sue inconfondibili tonalit\u00e0 aromatiche, in grado di richiamare nettamente il frutto della fragola, senza rinunciare all&#039;armonia e all&#039;equilibrio complessivo che rendono particolarmente apprezzata ed inimitabile questa singolare acquavite Chiesa.\" \/>\n<meta property=\"og:url\" content=\"https:\/\/www.chiesaliquori.com\/en\/product\/acquavite-duva-fragola\/\" \/>\n<meta property=\"og:site_name\" content=\"Grappe, Liquori, Concentrati e Preparati per Bevande Calde e Fredde | Stabilimenti Chiesa Liquori Srl - Portalbera (Pavia) - Italia\" \/>\n<meta property=\"article:modified_time\" content=\"2023-08-03T15:15:15+00:00\" \/>\n<meta property=\"og:image\" content=\"https:\/\/www.chiesaliquori.com\/wp-content\/uploads\/2023\/04\/grappe-acqueviti.jpg\" \/>\n\t<meta property=\"og:image:width\" content=\"336\" \/>\n\t<meta property=\"og:image:height\" content=\"400\" \/>\n\t<meta property=\"og:image:type\" content=\"image\/jpeg\" \/>\n<meta name=\"twitter:card\" content=\"summary_large_image\" \/>\n<script type=\"application\/ld+json\" class=\"yoast-schema-graph\">{\"@context\":\"https:\/\/schema.org\",\"@graph\":[{\"@type\":\"WebPage\",\"@id\":\"https:\/\/www.chiesaliquori.com\/en\/product\/acquavite-duva-fragola\/\",\"url\":\"https:\/\/www.chiesaliquori.com\/en\/product\/acquavite-duva-fragola\/\",\"name\":\"Acquavite d'Uva Fragola - Grappe, Liquori, Concentrati e Preparati per Bevande Calde e Fredde | Stabilimenti Chiesa Liquori Srl - Portalbera (Pavia) - Italia\",\"isPartOf\":{\"@id\":\"https:\/\/www.chiesaliquori.com\/en\/#website\"},\"primaryImageOfPage\":{\"@id\":\"https:\/\/www.chiesaliquori.com\/en\/product\/acquavite-duva-fragola\/#primaryimage\"},\"image\":{\"@id\":\"https:\/\/www.chiesaliquori.com\/en\/product\/acquavite-duva-fragola\/#primaryimage\"},\"thumbnailUrl\":\"https:\/\/www.chiesaliquori.com\/wp-content\/uploads\/2023\/04\/grappe-acqueviti.jpg\",\"datePublished\":\"2023-04-07T08:44:40+00:00\",\"dateModified\":\"2023-08-03T15:15:15+00:00\",\"breadcrumb\":{\"@id\":\"https:\/\/www.chiesaliquori.com\/en\/product\/acquavite-duva-fragola\/#breadcrumb\"},\"inLanguage\":\"en-US\",\"potentialAction\":[{\"@type\":\"ReadAction\",\"target\":[\"https:\/\/www.chiesaliquori.com\/en\/product\/acquavite-duva-fragola\/\"]}]},{\"@type\":\"ImageObject\",\"inLanguage\":\"en-US\",\"@id\":\"https:\/\/www.chiesaliquori.com\/en\/product\/acquavite-duva-fragola\/#primaryimage\",\"url\":\"https:\/\/www.chiesaliquori.com\/wp-content\/uploads\/2023\/04\/grappe-acqueviti.jpg\",\"contentUrl\":\"https:\/\/www.chiesaliquori.com\/wp-content\/uploads\/2023\/04\/grappe-acqueviti.jpg\",\"width\":336,\"height\":400,\"caption\":\"Acquavite Chiesa Liquori\"},{\"@type\":\"BreadcrumbList\",\"@id\":\"https:\/\/www.chiesaliquori.com\/en\/product\/acquavite-duva-fragola\/#breadcrumb\",\"itemListElement\":[{\"@type\":\"ListItem\",\"position\":1,\"name\":\"Home\",\"item\":\"https:\/\/www.chiesaliquori.com\/en\/\"},{\"@type\":\"ListItem\",\"position\":2,\"name\":\"Shop\",\"item\":\"https:\/\/www.chiesaliquori.com\/negozio\/\"},{\"@type\":\"ListItem\",\"position\":3,\"name\":\"Acquavite d&#8217;Uva Fragola\"}]},{\"@type\":\"WebSite\",\"@id\":\"https:\/\/www.chiesaliquori.com\/en\/#website\",\"url\":\"https:\/\/www.chiesaliquori.com\/en\/\",\"name\":\"Grappe, Liquori, Concentrati e Preparati per Bevande Calde e Fredde | Stabilimenti Chiesa Liquori Srl - Portalbera (Pavia) - Italia\",\"description\":\"Grappe, Liquori, Concentrati e Preparati per Bevande Calde e Fredde\",\"publisher\":{\"@id\":\"https:\/\/www.chiesaliquori.com\/en\/#organization\"},\"alternateName\":\"Stabilimenti Chiesa Liquori Srl\",\"potentialAction\":[{\"@type\":\"SearchAction\",\"target\":{\"@type\":\"EntryPoint\",\"urlTemplate\":\"https:\/\/www.chiesaliquori.com\/en\/?s={search_term_string}\"},\"query-input\":{\"@type\":\"PropertyValueSpecification\",\"valueRequired\":true,\"valueName\":\"search_term_string\"}}],\"inLanguage\":\"en-US\"},{\"@type\":\"Organization\",\"@id\":\"https:\/\/www.chiesaliquori.com\/en\/#organization\",\"name\":\"Stabilimenti Chiesa Liquori Srl\",\"alternateName\":\"Chiesa Liquori Srl\",\"url\":\"https:\/\/www.chiesaliquori.com\/en\/\",\"logo\":{\"@type\":\"ImageObject\",\"inLanguage\":\"en-US\",\"@id\":\"https:\/\/www.chiesaliquori.com\/en\/#\/schema\/logo\/image\/\",\"url\":\"https:\/\/www.chiesaliquori.com\/wp-content\/uploads\/2023\/04\/cropped-stabilimenti-chiesa-liquori-logo.png\",\"contentUrl\":\"https:\/\/www.chiesaliquori.com\/wp-content\/uploads\/2023\/04\/cropped-stabilimenti-chiesa-liquori-logo.png\",\"width\":400,\"height\":236,\"caption\":\"Stabilimenti Chiesa Liquori Srl\"},\"image\":{\"@id\":\"https:\/\/www.chiesaliquori.com\/en\/#\/schema\/logo\/image\/\"}}]}<\/script>\n<!-- \/ Yoast SEO plugin. -->","yoast_head_json":{"title":"Acquavite d'Uva Fragola - Grappe, Liquori, Concentrati e Preparati per Bevande Calde e Fredde | Stabilimenti Chiesa Liquori Srl - Portalbera (Pavia) - Italia","robots":{"index":"index","follow":"follow","max-snippet":"max-snippet:-1","max-image-preview":"max-image-preview:large","max-video-preview":"max-video-preview:-1"},"canonical":"https:\/\/www.chiesaliquori.com\/en\/product\/acquavite-duva-fragola\/","og_locale":"en_US","og_type":"article","og_title":"Acquavite d'Uva Fragola - Grappe, Liquori, Concentrati e Preparati per Bevande Calde e Fredde | Stabilimenti Chiesa Liquori Srl - Portalbera (Pavia) - Italia","og_description":"L'acquavite d'uva fragola \u00e8 un prodotto raro e pregiato ottenuto distillando con metodi tradizionali la ricercatissima variet\u00e0 di uva fragola. La particolare attenzione e abilit\u00e0 prestata nella distillazione hanno permesso di estrarre da questa variet\u00e0 d'uva le sue inconfondibili tonalit\u00e0 aromatiche, in grado di richiamare nettamente il frutto della fragola, senza rinunciare all'armonia e all'equilibrio complessivo che rendono particolarmente apprezzata ed inimitabile questa singolare acquavite Chiesa.","og_url":"https:\/\/www.chiesaliquori.com\/en\/product\/acquavite-duva-fragola\/","og_site_name":"Grappe, Liquori, Concentrati e Preparati per Bevande Calde e Fredde | Stabilimenti Chiesa Liquori Srl - Portalbera (Pavia) - Italia","article_modified_time":"2023-08-03T15:15:15+00:00","og_image":[{"width":336,"height":400,"url":"https:\/\/www.chiesaliquori.com\/wp-content\/uploads\/2023\/04\/grappe-acqueviti.jpg","type":"image\/jpeg"}],"twitter_card":"summary_large_image","schema":{"@context":"https:\/\/schema.org","@graph":[{"@type":"WebPage","@id":"https:\/\/www.chiesaliquori.com\/en\/product\/acquavite-duva-fragola\/","url":"https:\/\/www.chiesaliquori.com\/en\/product\/acquavite-duva-fragola\/","name":"Acquavite d'Uva Fragola - Grappe, Liquori, Concentrati e Preparati per Bevande Calde e Fredde | Stabilimenti Chiesa Liquori Srl - Portalbera (Pavia) - Italia","isPartOf":{"@id":"https:\/\/www.chiesaliquori.com\/en\/#website"},"primaryImageOfPage":{"@id":"https:\/\/www.chiesaliquori.com\/en\/product\/acquavite-duva-fragola\/#primaryimage"},"image":{"@id":"https:\/\/www.chiesaliquori.com\/en\/product\/acquavite-duva-fragola\/#primaryimage"},"thumbnailUrl":"https:\/\/www.chiesaliquori.com\/wp-content\/uploads\/2023\/04\/grappe-acqueviti.jpg","datePublished":"2023-04-07T08:44:40+00:00","dateModified":"2023-08-03T15:15:15+00:00","breadcrumb":{"@id":"https:\/\/www.chiesaliquori.com\/en\/product\/acquavite-duva-fragola\/#breadcrumb"},"inLanguage":"en-US","potentialAction":[{"@type":"ReadAction","target":["https:\/\/www.chiesaliquori.com\/en\/product\/acquavite-duva-fragola\/"]}]},{"@type":"ImageObject","inLanguage":"en-US","@id":"https:\/\/www.chiesaliquori.com\/en\/product\/acquavite-duva-fragola\/#primaryimage","url":"https:\/\/www.chiesaliquori.com\/wp-content\/uploads\/2023\/04\/grappe-acqueviti.jpg","contentUrl":"https:\/\/www.chiesaliquori.com\/wp-content\/uploads\/2023\/04\/grappe-acqueviti.jpg","width":336,"height":400,"caption":"Acquavite Chiesa Liquori"},{"@type":"BreadcrumbList","@id":"https:\/\/www.chiesaliquori.com\/en\/product\/acquavite-duva-fragola\/#breadcrumb","itemListElement":[{"@type":"ListItem","position":1,"name":"Home","item":"https:\/\/www.chiesaliquori.com\/en\/"},{"@type":"ListItem","position":2,"name":"Shop","item":"https:\/\/www.chiesaliquori.com\/negozio\/"},{"@type":"ListItem","position":3,"name":"Acquavite d&#8217;Uva Fragola"}]},{"@type":"WebSite","@id":"https:\/\/www.chiesaliquori.com\/en\/#website","url":"https:\/\/www.chiesaliquori.com\/en\/","name":"Grappe, Liquori, Concentrati e Preparati per Bevande Calde e Fredde | Stabilimenti Chiesa Liquori Srl - Portalbera (Pavia) - Italia","description":"Grappe, Liquori, Concentrati e Preparati per Bevande Calde e Fredde","publisher":{"@id":"https:\/\/www.chiesaliquori.com\/en\/#organization"},"alternateName":"Stabilimenti Chiesa Liquori Srl","potentialAction":[{"@type":"SearchAction","target":{"@type":"EntryPoint","urlTemplate":"https:\/\/www.chiesaliquori.com\/en\/?s={search_term_string}"},"query-input":{"@type":"PropertyValueSpecification","valueRequired":true,"valueName":"search_term_string"}}],"inLanguage":"en-US"},{"@type":"Organization","@id":"https:\/\/www.chiesaliquori.com\/en\/#organization","name":"Stabilimenti Chiesa Liquori Srl","alternateName":"Chiesa Liquori Srl","url":"https:\/\/www.chiesaliquori.com\/en\/","logo":{"@type":"ImageObject","inLanguage":"en-US","@id":"https:\/\/www.chiesaliquori.com\/en\/#\/schema\/logo\/image\/","url":"https:\/\/www.chiesaliquori.com\/wp-content\/uploads\/2023\/04\/cropped-stabilimenti-chiesa-liquori-logo.png","contentUrl":"https:\/\/www.chiesaliquori.com\/wp-content\/uploads\/2023\/04\/cropped-stabilimenti-chiesa-liquori-logo.png","width":400,"height":236,"caption":"Stabilimenti Chiesa Liquori Srl"},"image":{"@id":"https:\/\/www.chiesaliquori.com\/en\/#\/schema\/logo\/image\/"}}]}},"jetpack_sharing_enabled":true,"_links":{"self":[{"href":"https:\/\/www.chiesaliquori.com\/en\/wp-json\/wp\/v2\/product\/27102","targetHints":{"allow":["GET"]}}],"collection":[{"href":"https:\/\/www.chiesaliquori.com\/en\/wp-json\/wp\/v2\/product"}],"about":[{"href":"https:\/\/www.chiesaliquori.com\/en\/wp-json\/wp\/v2\/types\/product"}],"version-history":[{"count":2,"href":"https:\/\/www.chiesaliquori.com\/en\/wp-json\/wp\/v2\/product\/27102\/revisions"}],"predecessor-version":[{"id":27104,"href":"https:\/\/www.chiesaliquori.com\/en\/wp-json\/wp\/v2\/product\/27102\/revisions\/27104"}],"wp:featuredmedia":[{"embeddable":true,"href":"https:\/\/www.chiesaliquori.com\/en\/wp-json\/wp\/v2\/media\/26569"}],"wp:attachment":[{"href":"https:\/\/www.chiesaliquori.com\/en\/wp-json\/wp\/v2\/media?parent=27102"}],"wp:term":[{"taxonomy":"product_brand","embeddable":true,"href":"https:\/\/www.chiesaliquori.com\/en\/wp-json\/wp\/v2\/product_brand?post=27102"},{"taxonomy":"product_cat","embeddable":true,"href":"https:\/\/www.chiesaliquori.com\/en\/wp-json\/wp\/v2\/product_cat?post=27102"},{"taxonomy":"product_tag","embeddable":true,"href":"https:\/\/www.chiesaliquori.com\/en\/wp-json\/wp\/v2\/product_tag?post=27102"}],"curies":[{"name":"wp","href":"https:\/\/api.w.org\/{rel}","templated":true}]}}